{"id":2195,"date":"2018-10-24T09:01:34","date_gmt":"2018-10-24T09:01:34","guid":{"rendered":"http:\/\/tft.scss.tcd.ie\/?page_id=2195"},"modified":"2018-11-14T10:26:39","modified_gmt":"2018-11-14T10:26:39","slug":"21-sajandi-oppe-loimimise-kasiraamat-koolidele","status":"publish","type":"page","link":"https:\/\/tft-project.scss.tcd.ie:443\/index.php\/21-sajandi-oppe-loimimise-kasiraamat-koolidele\/","title":{"rendered":"21. sajandi \u00f5ppe l\u00f5imingu k\u00e4siraamat koolidele"},"content":{"rendered":"<h4>Kopeeri siit alla:\u00a0<a href=\"http:\/\/tft.scss.tcd.ie\/wp-content\/uploads\/2018\/10\/21.-sajandi-\u00f5ppe-l\u00f5imingu-k\u00e4siraamat-koolidele.pptx\">21. sajandi \u00f5ppe l\u00f5imingu k\u00e4siraamat koolidele<\/a><\/h4>\n<div style=\"display:block\">\n<!-- FlowPaper PDF flipbook plugin v.2.0.6 wordpress.org\/plugins\/flowpaper\/ -->\n<iframe title=\"FlowPaper flipbook pdf viewer\" width=\"100%\" height=\"1000\" scrolling=\"no\" class=\"flowpaper-class\" frameborder=\"0\" allowFullScreen=\"true\" lightbox=\"false\" cover id src = \"https:\/\/flowpaper.com\/flipbook\/?pdf=http:\/\/tft.scss.tcd.ie\/wp-content\/uploads\/2018\/10\/21.-sajandi-\u00f5ppe-l\u00f5imingu-k\u00e4siraamat-koolidele.pdf&title=&header=&theme=dark&singlepage=&thumbs=1&modified=1811141026\" seamless=\"seamless\" style=\"margin-bottom:0;display:block;\">Your browser does not seem to support iframes. <a href=\"https:\/\/flowpaper.com\/flipbook\/?pdf=http:\/\/tft.scss.tcd.ie\/wp-content\/uploads\/2018\/10\/21.-sajandi-\u00f5ppe-l\u00f5imingu-k\u00e4siraamat-koolidele.pdf\" target=\"_blank\">Click here to read this PDF<\/a>.<\/iframe>\n<div id=\"flowpaper-logo-bottom\" class=\"flowpaper-logo-bg\" style=\"background:linear-gradient(to right, rgba(0,0,0,0.65) 0%,rgba(0,0,0,0) 200px);width:100%;height:19px; padding-bottom: 1px; padding-left: 5px; padding-right: 10px; display: flex; align-items: center;z-index:9999\"><span style=\"height: 37px; padding-left: 6px;width:90%\"> <a id=\"flowpaper-link\" style=\"fill: #fff\" alt=\"FlowPaper logotype\" title=\"FlowPaper logotype\" href=\"https:\/\/flowpaper.com\" target=\"_blank\"> <img decoding=\"async\" alt=\"Publish PDF flipbooks online\" style=\"height:17px;width:auto;margin-top:11px;\" src=\"https:\/\/tft-project.scss.tcd.ie:443\/wp-content\/plugins\/flowpaper-lite-pdf-flipbook\/assets\/flowpaper-logo.png\" border=\"0\"> <\/a> <\/span><span style=\" float: right; right: 0; font-size: 10px; white-space: nowrap; opacity:0.8\"><a href=\"https:\/\/flowpaper.com\/flipbook-maker\/\" target=\"_new\" style=\"text-decoration:none;border-bottom:none;\">Created using FlowPaper Flipbook Maker &#8599;<\/a><\/span><\/div><\/div>\r\n                <script>\r\n                document.addEventListener(\"DOMContentLoaded\", function(){\r\n                    var target_element, iframe_element;\r\n                    iframe_element = document.querySelector(\"iframe.flowpaper-class\");\r\n                    target_element = document.querySelector(\"\");\r\n                    iframe_element.style.height = target_element.offsetHeight + \"px\";\r\n                });\r\n                <\/script>\r\n            \n<p>&nbsp;<\/p>\n","protected":false},"excerpt":{"rendered":"<p>Kopeeri siit alla:\u00a021. sajandi \u00f5ppe l\u00f5imingu k\u00e4siraamat koolidele &nbsp;<\/p>\n","protected":false},"author":2,"featured_media":0,"parent":0,"menu_order":0,"comment_status":"closed","ping_status":"closed","template":"","meta":{"jetpack_post_was_ever_published":false,"footnotes":""},"class_list":["post-2195","page","type-page","status-publish","hentry"],"jetpack_sharing_enabled":true,"jetpack_shortlink":"https:\/\/wp.me\/P7zZND-zp","jetpack-related-posts":[],"_links":{"self":[{"href":"https:\/\/tft-project.scss.tcd.ie:443\/index.php\/wp-json\/wp\/v2\/pages\/2195","targetHints":{"allow":["GET"]}}],"collection":[{"href":"https:\/\/tft-project.scss.tcd.ie:443\/index.php\/wp-json\/wp\/v2\/pages"}],"about":[{"href":"https:\/\/tft-project.scss.tcd.ie:443\/index.php\/wp-json\/wp\/v2\/types\/page"}],"author":[{"embeddable":true,"href":"https:\/\/tft-project.scss.tcd.ie:443\/index.php\/wp-json\/wp\/v2\/users\/2"}],"replies":[{"embeddable":true,"href":"https:\/\/tft-project.scss.tcd.ie:443\/index.php\/wp-json\/wp\/v2\/comments?post=2195"}],"version-history":[{"count":5,"href":"https:\/\/tft-project.scss.tcd.ie:443\/index.php\/wp-json\/wp\/v2\/pages\/2195\/revisions"}],"predecessor-version":[{"id":2428,"href":"https:\/\/tft-project.scss.tcd.ie:443\/index.php\/wp-json\/wp\/v2\/pages\/2195\/revisions\/2428"}],"wp:attachment":[{"href":"https:\/\/tft-project.scss.tcd.ie:443\/index.php\/wp-json\/wp\/v2\/media?parent=2195"}],"curies":[{"name":"wp","href":"https:\/\/api.w.org\/{rel}","templated":true}]}}